{"id":478,"date":"2018-10-12T09:03:52","date_gmt":"2018-10-12T09:03:52","guid":{"rendered":"https:\/\/www.powerof0.org\/?page_id=478"},"modified":"2018-10-12T09:58:06","modified_gmt":"2018-10-12T09:58:06","slug":"comprometase","status":"publish","type":"page","link":"https:\/\/powerof0.org\/es\/comprometase\/","title":{"rendered":"Comprom\u00e9tase"},"content":{"rendered":"<p><div class=\"fusion-fullwidth fullwidth-box fusion-builder-row-1 hundred-percent-fullwidth non-hundred-percent-height-scrolling fusion-no-small-visibility fusion-no-medium-visibility\" style=\"--awb-border-radius-top-left:0px;--awb-border-radius-top-right:0px;--awb-border-radius-bottom-right:0px;--awb-border-radius-bottom-left:0px;--awb-padding-top:0px;--awb-padding-right:0px;--awb-padding-bottom:0px;--awb-padding-left:0px;--awb-margin-top:0px;--awb-margin-bottom:0px;--awb-background-color:#45a649;--awb-flex-wrap:wrap;\" ><div class=\"fusion-builder-row fusion-row\"><div class=\"fusion-layout-column fusion_builder_column fusion-builder-column-0 fusion_builder_column_1_5 1_5 fusion-one-fifth fusion-column-first\" style=\"--awb-bg-size:cover;--awb-margin-bottom:0px;width:20%;width:calc(20% - ( ( 0px + 0px ) * 0.2 ) );margin-right: 0px;\"><div class=\"fusion-column-wrapper fusion-flex-column-wrapper-legacy\"><div class=\"fusion-image-element in-legacy-container\" style=\"--awb-caption-title-font-family:var(--h2_typography-font-family);--awb-caption-title-font-weight:var(--h2_typography-font-weight);--awb-caption-title-font-style:var(--h2_typography-font-style);--awb-caption-title-size:var(--h2_typography-font-size);--awb-caption-title-transform:var(--h2_typography-text-transform);--awb-caption-title-line-height:var(--h2_typography-line-height);--awb-caption-title-letter-spacing:var(--h2_typography-letter-spacing);\"><span class=\" fusion-imageframe imageframe-none imageframe-1 hover-type-none fusion-animated\" data-animationType=\"slideInLeft\" data-animationDuration=\"0.3\" data-animationOffset=\"top-into-view\"><img decoding=\"async\" width=\"385\" height=\"1024\" title=\"Power-of-Zero-PledgeImage-L\" src=\"https:\/\/powerof0.org\/wp-content\/uploads\/2018\/09\/Power-of-Zero-PledgeImage-L-385x1024.png\" alt class=\"img-responsive wp-image-361\" srcset=\"https:\/\/powerof0.org\/wp-content\/uploads\/2018\/09\/Power-of-Zero-PledgeImage-L-200x531.png 200w, https:\/\/powerof0.org\/wp-content\/uploads\/2018\/09\/Power-of-Zero-PledgeImage-L-400x1063.png 400w, https:\/\/powerof0.org\/wp-content\/uploads\/2018\/09\/Power-of-Zero-PledgeImage-L.png 419w\" sizes=\"(max-width: 800px) 100vw, 400px\" \/><\/span><\/div><div class=\"fusion-clearfix\"><\/div><\/div><\/div><div class=\"fusion-layout-column fusion_builder_column fusion-builder-column-1 fusion_builder_column_3_5 3_5 fusion-three-fifth\" style=\"--awb-bg-size:cover;--awb-margin-bottom:0px;width:60%;width:calc(60% - ( ( 0px + 0px ) * 0.6 ) );margin-right: 0px;\"><div class=\"fusion-column-wrapper fusion-flex-column-wrapper-legacy\"><div class=\"fusion-column-content-centered\"><div class=\"fusion-column-content\"><div class=\"fusion-sep-clear\"><\/div><div class=\"fusion-separator fusion-full-width-sep\" style=\"margin-left: auto;margin-right: auto;margin-bottom:60px;width:100%;\"><\/div><div class=\"fusion-sep-clear\"><\/div><div class=\"fusion-text fusion-text-1 avada-white\"><h2 style=\"text-align: center;\">S\u00famese a Power of Zero para preparar a los ni\u00f1os para una vida de conectividad global. Ayude a los ni\u00f1os que forman parte de su vida a comprender el poder de su voz en l\u00ednea y c\u00f3mo pueden usarlo para hacer el bien.<\/h2>\n<\/div><div class=\"fusion-sep-clear\"><\/div><div class=\"fusion-separator fusion-full-width-sep\" style=\"margin-left: auto;margin-right: auto;margin-bottom:20px;width:100%;\"><\/div><div class=\"fusion-sep-clear\"><\/div><div class=\"fusion-builder-row fusion-builder-row-inner fusion-row\"><div class=\"fusion-layout-column fusion_builder_column_inner fusion-builder-nested-column-0 fusion_builder_column_inner_1_1 1_1 fusion-one-full fusion-column-first fusion-column-last\" style=\"--awb-padding-top:20px;--awb-padding-right:18%;--awb-padding-bottom:20px;--awb-padding-left:18%;--awb-bg-color:rgba(255,255,255,0.3);--awb-bg-color-hover:rgba(255,255,255,0.3);--awb-bg-size:cover;--awb-border-color:#ffffff;--awb-border-top:2px;--awb-border-right:2px;--awb-border-bottom:2px;--awb-border-left:2px;--awb-border-style:solid;\"><div class=\"fusion-column-wrapper fusion-flex-column-wrapper-legacy\"><div class=\"fusion-text fusion-text-2\"><h3 style=\"text-align: center;\"><span style=\"font-size: 32px;\">Comprom\u00e9tase con Power of Zero<br \/>\n<\/span>Haga que el mundo en l\u00ednea sea un lugar mejor<br \/>\nMe comprometo a ayudar a que mi hijo aprenda<\/h3>\n<h4 style=\"text-align: center;\">a ser un buen ciudadano digital:<\/h4>\n<p style=\"text-align: center;\">a tratar a los dem\u00e1s con respeto y compasi\u00f3n;<br \/>\na defender a las personas cuando vea que las maltratan; y<br \/>\na usar sus poderes digitales para hacer el bien.<\/p>\n<\/div><div class=\"fusion-text fusion-text-3\"><div class=\"frm_forms  with_frm_style frm_center_submit frm_style_formidable-style\" id=\"frm_form_8_container\" >\n<form enctype=\"multipart\/form-data\" method=\"post\" class=\"frm-show-form  frm_pro_form \" id=\"form_nbkw53\" >\n<div class=\"frm_form_fields \">\n<fieldset>\n<legend class=\"frm_screen_reader\">Take the pledge Spanish<\/legend>\r\n\r\n<div class=\"frm_fields_container\">\n<input type=\"hidden\" name=\"frm_action\" value=\"create\" \/>\n<input type=\"hidden\" name=\"form_id\" value=\"8\" \/>\n<input type=\"hidden\" name=\"frm_hide_fields_8\" id=\"frm_hide_fields_8\" value=\"\" \/>\n<input type=\"hidden\" name=\"form_key\" value=\"nbkw53\" \/>\n<input type=\"hidden\" name=\"item_meta[0]\" value=\"\" \/>\n<input type=\"hidden\" id=\"frm_submit_entry_8\" name=\"frm_submit_entry_8\" value=\"5746699cda\" \/><input type=\"hidden\" name=\"_wp_http_referer\" value=\"\/es\/wp-json\/wp\/v2\/pages\/478\" \/><div id=\"frm_field_71_container\" class=\"frm_form_field form-field  frm_required_field frm_top_container frm_first frm_half\">\r\n    <label for=\"field_ec20x3\" class=\"frm_primary_label\">NAME\r\n        <span class=\"frm_required\">*<\/span>\r\n    <\/label>\r\n    <input  type=\"text\" id=\"field_ec20x3\" name=\"item_meta[71]\" value=\"\"  data-reqmsg=\"NAME cannot be blank.\" aria-required=\"true\" data-invmsg=\"Text is invalid\" aria-invalid=\"false\"   \/>\r\n    \r\n    \r\n<\/div>\n<div id=\"frm_field_72_container\" class=\"frm_form_field form-field  frm_required_field frm_top_container frm_half\">\r\n    <label for=\"field_bpeng3\" class=\"frm_primary_label\">EMAIL\r\n        <span class=\"frm_required\">*<\/span>\r\n    <\/label>\r\n    <input type=\"email\" id=\"field_bpeng3\" name=\"item_meta[72]\" value=\"\"  data-reqmsg=\"EMAIL cannot be blank.\" aria-required=\"true\" data-invmsg=\"Email is invalid\" aria-invalid=\"false\"  \/>\r\n    \r\n    \r\n<\/div>\n<div id=\"frm_field_134_container\" class=\"frm_form_field form-field  frm_none_container\">\n    <label for=\"g-recaptcha-response\" id=\"field_znhxp_label\" class=\"frm_primary_label\">reCAPTCHA\n        <span class=\"frm_required\" aria-hidden=\"true\"><\/span>\n    <\/label>\n    <div  id=\"field_znhxp\" class=\"frm-g-recaptcha\" data-sitekey=\"6LfHYewpAAAAAKuSWEa2HdkBWjZhIbW0ZasYcHeK\" data-size=\"invisible\" data-theme=\"light\"><\/div>\n    \n    \n<\/div>\n\t<input type=\"hidden\" name=\"item_key\" value=\"\" \/>\n\t\t\t<div id=\"frm_field_145_container\">\n\t\t\t<label for=\"field_sq8ft\" >\n\t\t\t\tSi eres humano, deja este campo en blanco.\t\t\t<\/label>\n\t\t\t<input  id=\"field_sq8ft\" type=\"text\" class=\"frm_form_field form-field frm_verify\" name=\"item_meta[145]\" value=\"\"  \/>\n\t\t<\/div>\n\t\t<input name=\"frm_state\" type=\"hidden\" value=\"8ZfFQnNSg\/TDTLsq4ftuQC7V6Mf\/KTyXyS+Aqwc7JpMAi6B0bDBXPjNLohYu\/FE0\" \/><div class=\"frm_submit\">\r\n\r\n<button class=\"frm_button_submit frm_final_submit\" type=\"submit\"   formnovalidate=\"formnovalidate\">COMPROM\u00c9TASE<\/button>\r\n\r\n<\/div><\/div>\n<\/fieldset>\n<\/div>\n\n<\/form>\n<\/div>\n\n<\/div><div class=\"fusion-clearfix\"><\/div><\/div><\/div><\/div><div class=\"fusion-text fusion-text-4 avada-white\"><p style=\"text-align: center;\"><strong>53 people have taken the pledge.<\/strong><\/p>\n<\/div><\/div><\/div><div class=\"fusion-clearfix\"><\/div><\/div><\/div><div class=\"fusion-layout-column fusion_builder_column fusion-builder-column-2 fusion_builder_column_1_5 1_5 fusion-one-fifth fusion-column-last\" style=\"--awb-bg-size:cover;--awb-margin-bottom:0px;width:20%;width:calc(20% - ( ( 0px + 0px ) * 0.2 ) );\"><div class=\"fusion-column-wrapper fusion-flex-column-wrapper-legacy\"><div class=\"fusion-image-element in-legacy-container\" style=\"--awb-caption-title-font-family:var(--h2_typography-font-family);--awb-caption-title-font-weight:var(--h2_typography-font-weight);--awb-caption-title-font-style:var(--h2_typography-font-style);--awb-caption-title-size:var(--h2_typography-font-size);--awb-caption-title-transform:var(--h2_typography-text-transform);--awb-caption-title-line-height:var(--h2_typography-line-height);--awb-caption-title-letter-spacing:var(--h2_typography-letter-spacing);\"><span class=\" fusion-imageframe imageframe-none imageframe-2 hover-type-none fusion-animated\" data-animationType=\"slideInRight\" data-animationDuration=\"0.3\" data-animationOffset=\"top-into-view\"><img decoding=\"async\" width=\"385\" height=\"1024\" title=\"Power-of-Zero-PledgeImage-R\" src=\"https:\/\/powerof0.org\/wp-content\/uploads\/2018\/09\/Power-of-Zero-PledgeImage-R-385x1024.png\" alt class=\"img-responsive wp-image-362\" srcset=\"https:\/\/powerof0.org\/wp-content\/uploads\/2018\/09\/Power-of-Zero-PledgeImage-R-200x531.png 200w, https:\/\/powerof0.org\/wp-content\/uploads\/2018\/09\/Power-of-Zero-PledgeImage-R-400x1063.png 400w, https:\/\/powerof0.org\/wp-content\/uploads\/2018\/09\/Power-of-Zero-PledgeImage-R.png 419w\" sizes=\"(max-width: 800px) 100vw, 400px\" \/><\/span><\/div><div class=\"fusion-clearfix\"><\/div><\/div><\/div><\/div><\/div><div class=\"fusion-fullwidth fullwidth-box fusion-builder-row-2 hundred-percent-fullwidth non-hundred-percent-height-scrolling fusion-no-large-visibility\" style=\"--awb-border-radius-top-left:0px;--awb-border-radius-top-right:0px;--awb-border-radius-bottom-right:0px;--awb-border-radius-bottom-left:0px;--awb-padding-top:0px;--awb-padding-right:0px;--awb-padding-bottom:0px;--awb-padding-left:0px;--awb-margin-top:0px;--awb-margin-bottom:0px;--awb-background-color:#45a649;--awb-flex-wrap:wrap;\" ><div class=\"fusion-builder-row fusion-row\"><div class=\"fusion-layout-column fusion_builder_column fusion-builder-column-3 fusion_builder_column_1_1 1_1 fusion-one-full fusion-column-first fusion-column-last\" style=\"--awb-bg-size:cover;\"><div class=\"fusion-column-wrapper fusion-flex-column-wrapper-legacy\"><div class=\"fusion-image-element fusion-image-align-center in-legacy-container\" style=\"text-align:center;--awb-caption-title-font-family:var(--h2_typography-font-family);--awb-caption-title-font-weight:var(--h2_typography-font-weight);--awb-caption-title-font-style:var(--h2_typography-font-style);--awb-caption-title-size:var(--h2_typography-font-size);--awb-caption-title-transform:var(--h2_typography-text-transform);--awb-caption-title-line-height:var(--h2_typography-line-height);--awb-caption-title-letter-spacing:var(--h2_typography-letter-spacing);\"><div class=\"imageframe-align-center\"><span class=\" fusion-imageframe imageframe-none imageframe-3 hover-type-none fusion-animated\" data-animationType=\"slideInDown\" data-animationDuration=\"0.3\" data-animationOffset=\"top-into-view\"><img decoding=\"async\" width=\"1024\" height=\"385\" title=\"Power-of-Zero-PledgeImage-Mobile-Top\" src=\"https:\/\/powerof0.org\/wp-content\/uploads\/2018\/09\/Power-of-Zero-PledgeImage-Mobile-Top-1024x385.png\" alt class=\"img-responsive wp-image-364\" srcset=\"https:\/\/powerof0.org\/wp-content\/uploads\/2018\/09\/Power-of-Zero-PledgeImage-Mobile-Top-200x75.png 200w, https:\/\/powerof0.org\/wp-content\/uploads\/2018\/09\/Power-of-Zero-PledgeImage-Mobile-Top-400x151.png 400w, https:\/\/powerof0.org\/wp-content\/uploads\/2018\/09\/Power-of-Zero-PledgeImage-Mobile-Top-600x226.png 600w, https:\/\/powerof0.org\/wp-content\/uploads\/2018\/09\/Power-of-Zero-PledgeImage-Mobile-Top-800x301.png 800w, https:\/\/powerof0.org\/wp-content\/uploads\/2018\/09\/Power-of-Zero-PledgeImage-Mobile-Top.png 1113w\" sizes=\"(max-width: 800px) 100vw, 1024px\" \/><\/span><\/div><\/div><div class=\"fusion-clearfix\"><\/div><\/div><\/div><div class=\"fusion-layout-column fusion_builder_column fusion-builder-column-4 fusion_builder_column_1_1 1_1 fusion-one-full fusion-column-first fusion-column-last\" style=\"--awb-padding-right:30px;--awb-padding-left:30px;--awb-bg-size:cover;--awb-margin-bottom:0px;\"><div class=\"fusion-column-wrapper fusion-flex-column-wrapper-legacy\"><div class=\"fusion-column-content-centered\"><div class=\"fusion-column-content\"><div class=\"fusion-sep-clear\"><\/div><div class=\"fusion-separator fusion-full-width-sep\" style=\"margin-left: auto;margin-right: auto;margin-bottom:20px;width:100%;\"><\/div><div class=\"fusion-sep-clear\"><\/div><div class=\"fusion-text fusion-text-5 avada-white\"><h3 style=\"text-align: center;\">S\u00famese a Power of Zero para preparar a los ni\u00f1os para una vida de conectividad global. Ayude a los ni\u00f1os que forman parte de su vida a comprender el poder de su voz en l\u00ednea y c\u00f3mo pueden usarlo para hacer el bien.<\/h3>\n<\/div><div class=\"fusion-sep-clear\"><\/div><div class=\"fusion-separator fusion-full-width-sep\" style=\"margin-left: auto;margin-right: auto;margin-bottom:20px;width:100%;\"><\/div><div class=\"fusion-sep-clear\"><\/div><div class=\"fusion-builder-row fusion-builder-row-inner fusion-row\"><div class=\"fusion-layout-column fusion_builder_column_inner fusion-builder-nested-column-1 fusion_builder_column_inner_1_1 1_1 fusion-one-full fusion-column-first fusion-column-last\" style=\"--awb-padding-top:10px;--awb-padding-right:10px;--awb-padding-bottom:10px;--awb-padding-left:10px;--awb-bg-color:rgba(255,255,255,0.3);--awb-bg-color-hover:rgba(255,255,255,0.3);--awb-bg-size:cover;--awb-border-color:#ffffff;--awb-border-top:2px;--awb-border-right:2px;--awb-border-bottom:2px;--awb-border-left:2px;--awb-border-style:solid;\"><div class=\"fusion-column-wrapper fusion-flex-column-wrapper-legacy\"><div class=\"fusion-text fusion-text-6\"><p style=\"text-align: center;\"><strong>Comprom\u00e9tase con Power of Zero <\/strong><br \/>\n<strong>Haga que el mundo en l\u00ednea sea un lugar mejor <\/strong><br \/>\n<strong>Me comprometo a ayudar a que mi hijo aprenda<\/strong><\/p>\n<p style=\"text-align: center;\">a ser un buen ciudadano digital:<\/p>\n<p style=\"text-align: center;\">a tratar a los dem\u00e1s con respeto y compasi\u00f3n;<br \/>\na defender a las personas cuando vea que las maltratan; y<br \/>\na usar sus poderes digitales para hacer el bien.<\/p>\n<\/div><div class=\"fusion-text fusion-text-7\"><div class=\"frm_forms  with_frm_style frm_center_submit frm_style_formidable-style\" id=\"frm_form_3_container\" >\n<form enctype=\"multipart\/form-data\" method=\"post\" class=\"frm-show-form  frm_pro_form \" id=\"form_nbkw5\" >\n<div class=\"frm_form_fields \">\n<fieldset>\n<legend class=\"frm_screen_reader\">Join our Newsletter<\/legend>\r\n\r\n<div class=\"frm_fields_container\">\n<input type=\"hidden\" name=\"frm_action\" value=\"create\" \/>\n<input type=\"hidden\" name=\"form_id\" value=\"3\" \/>\n<input type=\"hidden\" name=\"frm_hide_fields_3\" id=\"frm_hide_fields_3\" value=\"\" \/>\n<input type=\"hidden\" name=\"form_key\" value=\"nbkw5\" \/>\n<input type=\"hidden\" name=\"item_meta[0]\" value=\"\" \/>\n<input type=\"hidden\" id=\"frm_submit_entry_3\" name=\"frm_submit_entry_3\" value=\"5746699cda\" \/><input type=\"hidden\" name=\"_wp_http_referer\" value=\"\/es\/wp-json\/wp\/v2\/pages\/478\" \/><div id=\"frm_field_11_container\" class=\"frm_form_field form-field  frm_required_field frm_top_container frm_first frm_half\">\r\n    <label for=\"field_ec20x\" class=\"frm_primary_label\">NAME\r\n        <span class=\"frm_required\">*<\/span>\r\n    <\/label>\r\n    <input  type=\"text\" id=\"field_ec20x\" name=\"item_meta[11]\" value=\"\"  data-reqmsg=\"NAME cannot be blank.\" aria-required=\"true\" data-invmsg=\"Text is invalid\" aria-invalid=\"false\"   \/>\r\n    \r\n    \r\n<\/div>\n<div id=\"frm_field_12_container\" class=\"frm_form_field form-field  frm_required_field frm_top_container frm_half\">\r\n    <label for=\"field_bpeng\" class=\"frm_primary_label\">EMAIL\r\n        <span class=\"frm_required\">*<\/span>\r\n    <\/label>\r\n    <input type=\"email\" id=\"field_bpeng\" name=\"item_meta[12]\" value=\"\"  data-reqmsg=\"EMAIL cannot be blank.\" aria-required=\"true\" data-invmsg=\"Email is invalid\" aria-invalid=\"false\"  \/>\r\n    \r\n    \r\n<\/div>\n<div id=\"frm_field_127_container\" class=\"frm_form_field form-field  frm_none_container\">\n    <label for=\"g-recaptcha-response\" id=\"field_o692i_label\" class=\"frm_primary_label\">reCAPTCHA\n        <span class=\"frm_required\" aria-hidden=\"true\"><\/span>\n    <\/label>\n    <div  id=\"field_o692i\" class=\"frm-g-recaptcha\" data-sitekey=\"6LfHYewpAAAAAKuSWEa2HdkBWjZhIbW0ZasYcHeK\" data-size=\"invisible\" data-theme=\"light\"><\/div>\n    \n    \n<\/div>\n\t<input type=\"hidden\" name=\"item_key\" value=\"\" \/>\n\t\t\t<div id=\"frm_field_146_container\">\n\t\t\t<label for=\"field_wk8ev\" >\n\t\t\t\tSi eres humano, deja este campo en blanco.\t\t\t<\/label>\n\t\t\t<input  id=\"field_wk8ev\" type=\"text\" class=\"frm_form_field form-field frm_verify\" name=\"item_meta[146]\" value=\"\"  \/>\n\t\t<\/div>\n\t\t<input name=\"frm_state\" type=\"hidden\" value=\"8ZfFQnNSg\/TDTLsq4ftuQC7V6Mf\/KTyXyS+Aqwc7JpME7r6lkErUfWlpLVIqXFP+\" \/><div class=\"frm_submit\">\r\n\r\n<button class=\"frm_button_submit frm_final_submit\" type=\"submit\"   formnovalidate=\"formnovalidate\">Join Our Newsletter<\/button>\r\n\r\n<\/div><\/div>\n<\/fieldset>\n<\/div>\n\n<\/form>\n<\/div>\n\n<\/div><div class=\"fusion-clearfix\"><\/div><\/div><\/div><\/div><div class=\"fusion-text fusion-text-8 avada-white\"><p style=\"text-align: center;\"><strong>53 people have taken the pledge.<\/strong><\/p>\n<\/div><\/div><\/div><div class=\"fusion-clearfix\"><\/div><\/div><\/div><div class=\"fusion-layout-column fusion_builder_column fusion-builder-column-5 fusion_builder_column_1_1 1_1 fusion-one-full fusion-column-first fusion-column-last\" style=\"--awb-bg-size:cover;--awb-margin-bottom:0px;\"><div class=\"fusion-column-wrapper fusion-flex-column-wrapper-legacy\"><div class=\"fusion-image-element fusion-image-align-center in-legacy-container\" style=\"text-align:center;--awb-caption-title-font-family:var(--h2_typography-font-family);--awb-caption-title-font-weight:var(--h2_typography-font-weight);--awb-caption-title-font-style:var(--h2_typography-font-style);--awb-caption-title-size:var(--h2_typography-font-size);--awb-caption-title-transform:var(--h2_typography-text-transform);--awb-caption-title-line-height:var(--h2_typography-line-height);--awb-caption-title-letter-spacing:var(--h2_typography-letter-spacing);\"><div class=\"imageframe-align-center\"><span class=\" fusion-imageframe imageframe-none imageframe-4 hover-type-none fusion-animated\" data-animationType=\"slideInUp\" data-animationDuration=\"0.3\" data-animationOffset=\"top-into-view\"><img decoding=\"async\" width=\"1024\" height=\"385\" title=\"Power-of-Zero-PledgeImage-Mobile-Bottom\" src=\"https:\/\/powerof0.org\/wp-content\/uploads\/2018\/09\/Power-of-Zero-PledgeImage-Mobile-Bottom-1024x385.png\" alt class=\"img-responsive wp-image-363\" srcset=\"https:\/\/powerof0.org\/wp-content\/uploads\/2018\/09\/Power-of-Zero-PledgeImage-Mobile-Bottom-200x75.png 200w, https:\/\/powerof0.org\/wp-content\/uploads\/2018\/09\/Power-of-Zero-PledgeImage-Mobile-Bottom-400x151.png 400w, https:\/\/powerof0.org\/wp-content\/uploads\/2018\/09\/Power-of-Zero-PledgeImage-Mobile-Bottom-600x226.png 600w, https:\/\/powerof0.org\/wp-content\/uploads\/2018\/09\/Power-of-Zero-PledgeImage-Mobile-Bottom-800x301.png 800w, https:\/\/powerof0.org\/wp-content\/uploads\/2018\/09\/Power-of-Zero-PledgeImage-Mobile-Bottom.png 1113w\" sizes=\"(max-width: 800px) 100vw, 1024px\" \/><\/span><\/div><\/div><div class=\"fusion-clearfix\"><\/div><\/div><\/div><\/div><\/div><\/p>\n","protected":false},"excerpt":{"rendered":"","protected":false},"author":1,"featured_media":0,"parent":0,"menu_order":0,"comment_status":"closed","ping_status":"closed","template":"100-width.php","meta":{"inline_featured_image":false,"footnotes":""},"class_list":["post-478","page","type-page","status-publish","hentry"],"acf":[],"_links":{"self":[{"href":"https:\/\/powerof0.org\/es\/wp-json\/wp\/v2\/pages\/478","targetHints":{"allow":["GET"]}}],"collection":[{"href":"https:\/\/powerof0.org\/es\/wp-json\/wp\/v2\/pages"}],"about":[{"href":"https:\/\/powerof0.org\/es\/wp-json\/wp\/v2\/types\/page"}],"author":[{"embeddable":true,"href":"https:\/\/powerof0.org\/es\/wp-json\/wp\/v2\/users\/1"}],"replies":[{"embeddable":true,"href":"https:\/\/powerof0.org\/es\/wp-json\/wp\/v2\/comments?post=478"}],"version-history":[{"count":3,"href":"https:\/\/powerof0.org\/es\/wp-json\/wp\/v2\/pages\/478\/revisions"}],"predecessor-version":[{"id":507,"href":"https:\/\/powerof0.org\/es\/wp-json\/wp\/v2\/pages\/478\/revisions\/507"}],"wp:attachment":[{"href":"https:\/\/powerof0.org\/es\/wp-json\/wp\/v2\/media?parent=478"}],"curies":[{"name":"wp","href":"https:\/\/api.w.org\/{rel}","templated":true}]}}