{"id":462,"date":"2018-10-12T08:23:27","date_gmt":"2018-10-12T08:23:27","guid":{"rendered":"https:\/\/www.powerof0.org\/?page_id=462"},"modified":"2018-10-12T08:42:49","modified_gmt":"2018-10-12T08:42:49","slug":"investigacion","status":"publish","type":"page","link":"https:\/\/powerof0.org\/es\/investigacion\/","title":{"rendered":"Investigaci\u00f3n"},"content":{"rendered":"<p><div class=\"fusion-fullwidth fullwidth-box fusion-builder-row-1 hundred-percent-fullwidth non-hundred-percent-height-scrolling fusion-equal-height-columns\" style=\"--awb-border-radius-top-left:0px;--awb-border-radius-top-right:0px;--awb-border-radius-bottom-right:0px;--awb-border-radius-bottom-left:0px;--awb-padding-top:0px;--awb-padding-right:0px;--awb-padding-bottom:0px;--awb-padding-left:0px;--awb-margin-top:0px;--awb-margin-bottom:0px;--awb-flex-wrap:wrap;\" ><div class=\"fusion-builder-row fusion-row\"><div class=\"fusion-layout-column fusion_builder_column fusion-builder-column-0 fusion_builder_column_1_2 1_2 fusion-one-half fusion-column-first fusion-column-inner-bg-wrapper\" style=\"--awb-inner-bg-image:url(&#039;https:\/\/powerof0.org\/wp-content\/uploads\/2018\/09\/POZ_Image_17.jpg&#039;);--awb-inner-bg-position:center top;--awb-inner-bg-size:cover;--awb-margin-bottom:0px;width:50%;width:calc(50% - ( ( 0px ) * 0.5 ) );margin-right: 0px;\"><span class=\"fusion-column-inner-bg hover-type-zoomout\"><span class=\"fusion-column-anchor\"><span class=\"fusion-column-inner-bg-image\"><\/span><\/span><\/span><div class=\"fusion-column-wrapper fusion-flex-column-wrapper-legacy fusion-column-has-bg-image\" data-bg-url=\"https:\/\/powerof0.org\/wp-content\/uploads\/2018\/09\/POZ_Image_17.jpg\"><div class=\"fusion-column-content-centered\"><div class=\"fusion-column-content\"><div class=\"fusion-sep-clear\"><\/div><div class=\"fusion-separator fusion-no-large-visibility fusion-full-width-sep\" style=\"margin-left: auto;margin-right: auto;margin-top:200px;width:100%;\"><\/div><div class=\"fusion-sep-clear\"><\/div><div class=\"fusion-sep-clear\"><\/div><div class=\"fusion-separator fusion-no-small-visibility fusion-no-medium-visibility fusion-full-width-sep\" style=\"margin-left: auto;margin-right: auto;margin-top:700px;width:100%;\"><\/div><div class=\"fusion-sep-clear\"><\/div><\/div><\/div><div class=\"fusion-clearfix\"><\/div><\/div><\/div><div class=\"fusion-layout-column fusion_builder_column fusion-builder-column-1 fusion_builder_column_1_2 1_2 fusion-one-half fusion-column-last\" style=\"--awb-padding-top:4%;--awb-padding-right:10%;--awb-padding-bottom:4%;--awb-padding-left:10%;--awb-bg-color:#ffffff;--awb-bg-color-hover:#ffffff;--awb-bg-size:cover;--awb-margin-bottom:0px;width:50%;width:calc(50% - ( ( 0px ) * 0.5 ) );\"><div class=\"fusion-column-wrapper fusion-flex-column-wrapper-legacy\"><div class=\"fusion-column-content-centered\"><div class=\"fusion-column-content\"><div class=\"fusion-text fusion-text-1\"><h2 style=\"text-align: center;\">La investigaci\u00f3n es fundamental para ayudar a los ni\u00f1os a desarrollar su mayor potencial en l\u00ednea<\/h2>\n<\/div><div class=\"fusion-text fusion-text-2\"><p>La cantidad de tiempo que los ni\u00f1os est\u00e1n en l\u00ednea no puede compararse con ninguna generaci\u00f3n anterior. Muchos cuentan con las habilidades t\u00e9cnicas para utilizar dispositivos digitales, pero a\u00fan no han aprendido a utilizar la tecnolog\u00eda de manera adecuada o segura.<\/p>\n<p>Seg\u00fan la organizaci\u00f3n Right from the Start (Desde el Principio), la mayor\u00eda de los ni\u00f1os a los seis a\u00f1os ya tienen experiencia en el uso de diferentes dispositivos, como tel\u00e9fonos inteligentes, tabletas y computadoras port\u00e1tiles. El 38\u00a0% de los ni\u00f1os menores de dos a\u00f1os actualmente utilizan tel\u00e9fonos inteligentes y tabletas de la misma manera en que los ni\u00f1os de ocho a\u00f1os o menos lo hac\u00edan hace dos a\u00f1os.<\/p>\n<p>Como tantos otros aspectos de la vida de un ni\u00f1o, las experiencias, las habilidades, los intereses y el uso a nivel digital maduran y evolucionan con el tiempo. A la vez, los papeles y los enfoques de los padres para supervisar, mediar y guiar el uso de la tecnolog\u00eda y la conducta digital de sus hijos tambi\u00e9n deben evolucionar y avanzar.<\/p>\n<p>Dada la naturaleza din\u00e1mica de esta vida digital relativamente nueva, la investigaci\u00f3n desempe\u00f1a un papel fundamental para ayudar a comprender los desaf\u00edos a los que se enfrentar\u00e1n los ni\u00f1os, as\u00ed como para guiar a los adultos a ayudarlos a desarrollar sus identidades y conductas en l\u00ednea.<\/p>\n<\/div><\/div><\/div><div class=\"fusion-clearfix\"><\/div><\/div><\/div><\/div><\/div><div class=\"fusion-fullwidth fullwidth-box fusion-builder-row-2 hundred-percent-fullwidth non-hundred-percent-height-scrolling fusion-equal-height-columns\" style=\"--awb-border-radius-top-left:0px;--awb-border-radius-top-right:0px;--awb-border-radius-bottom-right:0px;--awb-border-radius-bottom-left:0px;--awb-padding-top:0px;--awb-padding-right:0px;--awb-padding-bottom:0px;--awb-padding-left:0px;--awb-margin-top:0px;--awb-margin-bottom:0px;--awb-flex-wrap:wrap;\" ><div class=\"fusion-builder-row fusion-row\"><div class=\"fusion-layout-column fusion_builder_column fusion-builder-column-2 fusion_builder_column_1_2 1_2 fusion-one-half fusion-column-first\" style=\"--awb-padding-top:4%;--awb-padding-right:10%;--awb-padding-bottom:4%;--awb-padding-left:10%;--awb-bg-color:#e5e5e5;--awb-bg-color-hover:#e5e5e5;--awb-bg-size:cover;--awb-margin-bottom:0px;width:50%;width:calc(50% - ( ( 0px ) * 0.5 ) );margin-right: 0px;\"><div class=\"fusion-column-wrapper fusion-flex-column-wrapper-legacy\"><div class=\"fusion-column-content-centered\"><div class=\"fusion-column-content\"><div class=\"fusion-text fusion-text-3\"><h2>Investigaciones y Recursos Adicionales<\/h2>\n<\/div><div class=\"fusion-text fusion-text-4\"><p><em>Haga un clic abajo para descargar un documento:<\/em><\/p>\n<ul>\n<li><a href=\"https:\/\/powerof0.org\/wp-content\/uploads\/2018\/09\/Right-from-the-Start-1.pdf\" target=\"_blank\" rel=\"noopener\">Right From the Start in the Digital Age Report\u00a0(PDF)<\/a><\/li>\n<li><a href=\"https:\/\/powerof0.org\/wp-content\/uploads\/2018\/10\/Power-of-Zero-for-young-children-October-10-2018.pdf\" target=\"_blank\" rel=\"noopener\">Digital Skills for Young People (PDF)<\/a><\/li>\n<li><a href=\"https:\/\/powerof0.org\/wp-content\/uploads\/2018\/10\/12-Powers-for-Good.pdf\" target=\"_blank\" rel=\"noopener\">The 12 Powers Infographic (PDF)<\/a><\/li>\n<li><a href=\"https:\/\/educationblog.microsoft.com\/2018\/08\/new-survey-what-parents-think-about-technology-in-the-classroom\" target=\"_blank\" rel=\"noopener\">What Parents Think about Technology in the Classroom (Microsoft)<\/a><\/li>\n<li><a href=\"https:\/\/www.stopbullying.gov\/research-resources\/preventing-bullying-through-moral-engagement-research-summary\/index.html\"><span style=\"font-weight: 400;\">Preventing Bullying Through Moral Engagement<\/span><\/a><\/li>\n<li><a href=\"https:\/\/globaldigitalcitizen.org\/5-reasons-teaching-digital-citizenship\"><span style=\"font-weight: 400;\">5 Reasons Why You Should Be Teaching Digital Citizenship<\/span><\/a><\/li>\n<li><a href=\"http:\/\/mediasmarts.ca\/parents\/digital-citizenship-guide-parents\"><span style=\"font-weight: 400;\">Digital Citizenship Guide for Parents<\/span><\/a><\/li>\n<li><a href=\"https:\/\/beinternetawesome.withgoogle.com\/en\"><span style=\"font-weight: 400;\">Be Internet Awesome<\/span><\/a><\/li>\n<li><a href=\"https:\/\/www.microsoft.com\/en-us\/download\/details.aspx?id=27825\"><span style=\"font-weight: 400;\">Digital Citizenship Toolkit<\/span><\/a><\/li>\n<li><a href=\"http:\/\/teccenter.erikson.edu\/publications\/tecfrcreport\/\"><span style=\"font-weight: 400;\">A Whole Child Approach Connecting The Vision Of Fred Rogers With Research And Practice<\/span><\/a><\/li>\n<li><a href=\"http:\/\/teccenter.erikson.edu\/tech-in-the-early-years\/\"><span style=\"font-weight: 400;\">Tech in the Early Years<\/span><\/a><\/li>\n<li><a href=\"https:\/\/www.commonsense.org\/education\/digital-citizenship\"><span style=\"font-weight: 400;\">Digital Citizenship Guide<\/span><\/a><\/li>\n<\/ul>\n<\/div><\/div><\/div><div class=\"fusion-clearfix\"><\/div><\/div><\/div><div class=\"fusion-layout-column fusion_builder_column fusion-builder-column-3 fusion_builder_column_1_2 1_2 fusion-one-half fusion-column-last fusion-no-small-visibility fusion-no-medium-visibility fusion-column-inner-bg-wrapper\" style=\"--awb-inner-bg-image:url(&#039;https:\/\/powerof0.org\/wp-content\/uploads\/2018\/09\/POZ_Image_01.jpg&#039;);--awb-inner-bg-position:center center;--awb-inner-bg-size:cover;--awb-margin-bottom:0px;width:50%;width:calc(50% - ( ( 0px ) * 0.5 ) );\"><span class=\"fusion-column-inner-bg hover-type-zoomout\"><span class=\"fusion-column-anchor\"><span class=\"fusion-column-inner-bg-image\"><\/span><\/span><\/span><div class=\"fusion-column-wrapper fusion-flex-column-wrapper-legacy fusion-column-has-bg-image\" data-bg-url=\"https:\/\/powerof0.org\/wp-content\/uploads\/2018\/09\/POZ_Image_01.jpg\"><div class=\"fusion-column-content-centered\"><div class=\"fusion-column-content\"><div class=\"fusion-sep-clear\"><\/div><div class=\"fusion-separator fusion-no-small-visibility fusion-no-medium-visibility fusion-full-width-sep\" style=\"margin-left: auto;margin-right: auto;margin-top:700px;width:100%;\"><\/div><div class=\"fusion-sep-clear\"><\/div><\/div><\/div><div class=\"fusion-clearfix\"><\/div><\/div><\/div><\/div><\/div><\/p>\n","protected":false},"excerpt":{"rendered":"","protected":false},"author":1,"featured_media":0,"parent":0,"menu_order":0,"comment_status":"closed","ping_status":"closed","template":"100-width.php","meta":{"inline_featured_image":false,"footnotes":""},"class_list":["post-462","page","type-page","status-publish","hentry"],"acf":[],"_links":{"self":[{"href":"https:\/\/powerof0.org\/es\/wp-json\/wp\/v2\/pages\/462","targetHints":{"allow":["GET"]}}],"collection":[{"href":"https:\/\/powerof0.org\/es\/wp-json\/wp\/v2\/pages"}],"about":[{"href":"https:\/\/powerof0.org\/es\/wp-json\/wp\/v2\/types\/page"}],"author":[{"embeddable":true,"href":"https:\/\/powerof0.org\/es\/wp-json\/wp\/v2\/users\/1"}],"replies":[{"embeddable":true,"href":"https:\/\/powerof0.org\/es\/wp-json\/wp\/v2\/comments?post=462"}],"version-history":[{"count":1,"href":"https:\/\/powerof0.org\/es\/wp-json\/wp\/v2\/pages\/462\/revisions"}],"predecessor-version":[{"id":463,"href":"https:\/\/powerof0.org\/es\/wp-json\/wp\/v2\/pages\/462\/revisions\/463"}],"wp:attachment":[{"href":"https:\/\/powerof0.org\/es\/wp-json\/wp\/v2\/media?parent=462"}],"curies":[{"name":"wp","href":"https:\/\/api.w.org\/{rel}","templated":true}]}}