{"id":454,"date":"2018-10-12T08:07:16","date_gmt":"2018-10-12T08:07:16","guid":{"rendered":"https:\/\/www.powerof0.org\/?page_id=454"},"modified":"2018-10-17T07:15:18","modified_gmt":"2018-10-17T07:15:18","slug":"quienes-somos","status":"publish","type":"page","link":"https:\/\/powerof0.org\/es\/quienes-somos\/","title":{"rendered":"Qui\u00e9nes Somos"},"content":{"rendered":"<div class=\"fusion-fullwidth fullwidth-box fusion-builder-row-1 hundred-percent-fullwidth non-hundred-percent-height-scrolling fusion-equal-height-columns\" style=\"--awb-border-radius-top-left:0px;--awb-border-radius-top-right:0px;--awb-border-radius-bottom-right:0px;--awb-border-radius-bottom-left:0px;--awb-padding-top:0px;--awb-padding-right:0px;--awb-padding-bottom:0px;--awb-padding-left:0px;--awb-margin-top:0px;--awb-margin-bottom:0px;--awb-flex-wrap:wrap;\" ><div class=\"fusion-builder-row fusion-row\"><div class=\"fusion-layout-column fusion_builder_column fusion-builder-column-0 fusion_builder_column_1_2 1_2 fusion-one-half fusion-column-first fusion-column-inner-bg-wrapper\" style=\"--awb-inner-bg-image:url(&#039;https:\/\/powerof0.org\/wp-content\/uploads\/2018\/09\/POZ_Image_18-1024x682.jpg&#039;);--awb-inner-bg-position:center bottom;--awb-inner-bg-size:cover;--awb-margin-bottom:0px;width:50%;width:calc(50% - ( ( 0px ) * 0.5 ) );margin-right: 0px;\"><span class=\"fusion-column-inner-bg hover-type-zoomout\"><span class=\"fusion-column-anchor\"><span class=\"fusion-column-inner-bg-image\"><\/span><\/span><\/span><div class=\"fusion-column-wrapper fusion-flex-column-wrapper-legacy fusion-column-has-bg-image\" data-bg-url=\"https:\/\/powerof0.org\/wp-content\/uploads\/2018\/09\/POZ_Image_18-1024x682.jpg\"><div class=\"fusion-column-content-centered\"><div class=\"fusion-column-content\"><div class=\"fusion-sep-clear\"><\/div><div class=\"fusion-separator fusion-no-large-visibility fusion-full-width-sep\" style=\"margin-left: auto;margin-right: auto;margin-top:200px;width:100%;\"><\/div><div class=\"fusion-sep-clear\"><\/div><div class=\"fusion-sep-clear\"><\/div><div class=\"fusion-separator fusion-no-small-visibility fusion-no-medium-visibility fusion-full-width-sep\" style=\"margin-left: auto;margin-right: auto;margin-top:700px;width:100%;\"><\/div><div class=\"fusion-sep-clear\"><\/div><\/div><\/div><div class=\"fusion-clearfix\"><\/div><\/div><\/div><div class=\"fusion-layout-column fusion_builder_column fusion-builder-column-1 fusion_builder_column_1_2 1_2 fusion-one-half fusion-column-last\" style=\"--awb-padding-top:4%;--awb-padding-right:10%;--awb-padding-bottom:4%;--awb-padding-left:10%;--awb-bg-color:#ffffff;--awb-bg-color-hover:#ffffff;--awb-bg-size:cover;--awb-margin-bottom:0px;width:50%;width:calc(50% - ( ( 0px ) * 0.5 ) );\"><div class=\"fusion-column-wrapper fusion-flex-column-wrapper-legacy\"><div class=\"fusion-column-content-centered\"><div class=\"fusion-column-content\"><div class=\"fusion-text fusion-text-1\"><h2 style=\"text-align: center;\">Cuando ense\u00f1amos a los ni\u00f1os las habilidades esenciales de la vida diaria a una edad temprana, estas perduran hasta la edad adulta.<\/h2>\n<\/div><div class=\"fusion-sep-clear\"><\/div><div class=\"fusion-separator fusion-full-width-sep\" style=\"margin-left: auto;margin-right: auto;margin-top:30px;width:100%;\"><\/div><div class=\"fusion-sep-clear\"><\/div><div class=\"fusion-text fusion-text-2\"><p>Los primeros a\u00f1os de un ni\u00f1o son fundamentales para el desarrollo del cerebro y ayudan en su aprendizaje, sus conductas y su salud futuros. Las experiencias durante estos primeros a\u00f1os inciden en el funcionamiento del cerebro, su capacidad para forjar relaciones significativas y duraderas y su noci\u00f3n de importancia y valor hacia las personas que los rodean.<\/p>\n<p>Buscamos unificar las experiencias que los ni\u00f1os tienen en l\u00ednea y fuera de l\u00ednea. Para ello, nos aseguramos de que desarrollen e implementen habilidades de la vida diaria esenciales para ser exitosos y estar seguros en ambos entornos.<\/p>\n<p>Power of Zero es liderado por <a href=\"https:\/\/www.nobully.org\/\" target=\"_blank\" rel=\"noopener\">No Bully<\/a>, una organizaci\u00f3n sin fines de lucro dedicada a terminar con el bullying (acoso escolar) y cyberbullying (acoso cibern\u00e9tico) en todo el mundo.<\/p>\n<p>Power of Zero se enorgullece en trabajar con sus <a href=\"https:\/\/powerof0.org\/es\/socios\/\">socios<\/a> para desarrollar materiales y juegos de aprendizaje que brinden a los ni\u00f1os las habilidades que necesitan para experimentar y explorar el mundo digital de manera segura.<\/p>\n<\/div><\/div><\/div><div class=\"fusion-clearfix\"><\/div><\/div><\/div><\/div><\/div>\n","protected":false},"excerpt":{"rendered":"","protected":false},"author":1,"featured_media":0,"parent":0,"menu_order":0,"comment_status":"closed","ping_status":"closed","template":"100-width.php","meta":{"inline_featured_image":false,"footnotes":""},"class_list":["post-454","page","type-page","status-publish","hentry"],"acf":[],"_links":{"self":[{"href":"https:\/\/powerof0.org\/es\/wp-json\/wp\/v2\/pages\/454","targetHints":{"allow":["GET"]}}],"collection":[{"href":"https:\/\/powerof0.org\/es\/wp-json\/wp\/v2\/pages"}],"about":[{"href":"https:\/\/powerof0.org\/es\/wp-json\/wp\/v2\/types\/page"}],"author":[{"embeddable":true,"href":"https:\/\/powerof0.org\/es\/wp-json\/wp\/v2\/users\/1"}],"replies":[{"embeddable":true,"href":"https:\/\/powerof0.org\/es\/wp-json\/wp\/v2\/comments?post=454"}],"version-history":[{"count":5,"href":"https:\/\/powerof0.org\/es\/wp-json\/wp\/v2\/pages\/454\/revisions"}],"predecessor-version":[{"id":517,"href":"https:\/\/powerof0.org\/es\/wp-json\/wp\/v2\/pages\/454\/revisions\/517"}],"wp:attachment":[{"href":"https:\/\/powerof0.org\/es\/wp-json\/wp\/v2\/media?parent=454"}],"curies":[{"name":"wp","href":"https:\/\/api.w.org\/{rel}","templated":true}]}}