{"id":391,"date":"2018-10-09T10:59:22","date_gmt":"2018-10-09T10:59:22","guid":{"rendered":"http:\/\/www.powerof0.org\/?page_id=391"},"modified":"2018-10-17T07:34:57","modified_gmt":"2018-10-17T07:34:57","slug":"home","status":"publish","type":"page","link":"https:\/\/powerof0.org\/es\/home\/","title":{"rendered":"Home"},"content":{"rendered":"<p><div class=\"fusion-bg-parallax\" data-bg-align=\"center bottom\" data-direction=\"down\" data-mute=\"false\" data-opacity=\"100\" data-velocity=\"-0.3\" data-mobile-enabled=\"false\" data-break_parents=\"0\" data-bg-image=\"https:\/\/powerof0.org\/wp-content\/uploads\/2018\/10\/POZ-home-image-new.jpg\" data-bg-repeat=\"false\" ><\/div><div class=\"fusion-fullwidth fullwidth-box fusion-builder-row-1 fusion-parallax-down hundred-percent-fullwidth non-hundred-percent-height-scrolling fusion-no-small-visibility fusion-no-medium-visibility\" style=\"--awb-background-position:center bottom;--awb-border-radius-top-left:0px;--awb-border-radius-top-right:0px;--awb-border-radius-bottom-right:0px;--awb-border-radius-bottom-left:0px;--awb-background-image:url(&quot;https:\/\/powerof0.org\/wp-content\/uploads\/2018\/10\/POZ-home-image-new.jpg&quot;);--awb-background-size:cover;--awb-flex-wrap:wrap;\" ><div class=\"fusion-builder-row fusion-row\"><div class=\"fusion-layout-column fusion_builder_column fusion-builder-column-0 fusion_builder_column_1_2 1_2 fusion-one-half fusion-column-first\" style=\"--awb-bg-size:cover;width:50%;width:calc(50% - ( ( 4% ) * 0.5 ) );margin-right: 4%;\"><div class=\"fusion-column-wrapper fusion-flex-column-wrapper-legacy\"><div class=\"fusion-clearfix\"><\/div><\/div><\/div><div class=\"fusion-layout-column fusion_builder_column fusion-builder-column-1 fusion_builder_column_1_2 1_2 fusion-one-half fusion-column-last\" style=\"--awb-padding-top:12%;--awb-padding-right:12%;--awb-padding-bottom:12%;--awb-padding-left:12%;--awb-bg-size:cover;width:50%;width:calc(50% - ( ( 4% ) * 0.5 ) );\"><div class=\"fusion-column-wrapper fusion-flex-column-wrapper-legacy\"><div class=\"fusion-sep-clear\"><\/div><div class=\"fusion-separator fusion-full-width-sep\" style=\"margin-left: auto;margin-right: auto;margin-top:12%;width:100%;\"><\/div><div class=\"fusion-sep-clear\"><\/div><div class=\"fusion-text fusion-text-1\"><p style=\"text-align: left;\"><span style=\"font-size: 24px; color: #000000;\">Power of Zero es una campa\u00f1a de acci\u00f3n colaborativa liderada por No Bully que re\u00fane a organizaciones globales, marcas l\u00edderes, sociedad civil, padres y educadores comprometidos a criar a la pr\u00f3xima generaci\u00f3n como l\u00edderes del futuro digital.<\/span><\/p>\n<\/div><div class=\"fusion-sep-clear\"><\/div><div class=\"fusion-separator fusion-full-width-sep\" style=\"margin-left: auto;margin-right: auto;margin-top:20px;width:100%;\"><\/div><div class=\"fusion-sep-clear\"><\/div><div class=\"fusion-text fusion-text-2\"><p>En la actualidad, los ni\u00f1os tienen acceso a tabletas y tel\u00e9fonos inteligentes desde los primeros a\u00f1os de vida, pero a menudo no saben c\u00f3mo utilizarlos con \u00e9xito o de manera segura.<\/p>\n<p>Power of Zero ofrece a los educadores de la primera infancia y a las familias <a href=\"https:\/\/powerof0.org\/es\/padres-y-maestros\/\">materiales de aprendizaje<\/a> que los ni\u00f1os peque\u00f1os necesitan para desarrollar resiliencia, compasi\u00f3n e tolerancia en un mundo digital.<\/p>\n<\/div><div class=\"fusion-sep-clear\"><\/div><div class=\"fusion-separator fusion-full-width-sep\" style=\"margin-left: auto;margin-right: auto;margin-top:12%;width:100%;\"><\/div><div class=\"fusion-sep-clear\"><\/div><div class=\"fusion-clearfix\"><\/div><\/div><\/div><\/div><\/div><div class=\"fusion-fullwidth fullwidth-box fusion-builder-row-2 hundred-percent-fullwidth non-hundred-percent-height-scrolling fusion-no-large-visibility\" style=\"--awb-border-radius-top-left:0px;--awb-border-radius-top-right:0px;--awb-border-radius-bottom-right:0px;--awb-border-radius-bottom-left:0px;--awb-padding-right:0px;--awb-padding-left:0px;--awb-flex-wrap:wrap;\" ><div class=\"fusion-builder-row fusion-row\"><div class=\"fusion-layout-column fusion_builder_column fusion-builder-column-2 fusion_builder_column_1_1 1_1 fusion-one-full fusion-column-first fusion-column-last\" style=\"--awb-bg-size:cover;--awb-margin-bottom:0px;\"><div class=\"fusion-column-wrapper fusion-flex-column-wrapper-legacy\"><div class=\"fusion-image-element in-legacy-container\" style=\"--awb-caption-title-font-family:var(--h2_typography-font-family);--awb-caption-title-font-weight:var(--h2_typography-font-weight);--awb-caption-title-font-style:var(--h2_typography-font-style);--awb-caption-title-size:var(--h2_typography-font-size);--awb-caption-title-transform:var(--h2_typography-text-transform);--awb-caption-title-line-height:var(--h2_typography-line-height);--awb-caption-title-letter-spacing:var(--h2_typography-letter-spacing);\"><span class=\" fusion-imageframe imageframe-none imageframe-1 hover-type-none\"><img decoding=\"async\" width=\"1024\" height=\"682\" title=\"Portrait of happy father and son with arms up sitting at desk with laptop.\" src=\"https:\/\/powerof0.org\/wp-content\/uploads\/2018\/09\/POZ_Image_20-1024x682.jpg\" alt class=\"img-responsive wp-image-358\" srcset=\"https:\/\/powerof0.org\/wp-content\/uploads\/2018\/09\/POZ_Image_20-200x133.jpg 200w, https:\/\/powerof0.org\/wp-content\/uploads\/2018\/09\/POZ_Image_20-400x267.jpg 400w, https:\/\/powerof0.org\/wp-content\/uploads\/2018\/09\/POZ_Image_20-600x400.jpg 600w, https:\/\/powerof0.org\/wp-content\/uploads\/2018\/09\/POZ_Image_20-800x533.jpg 800w, https:\/\/powerof0.org\/wp-content\/uploads\/2018\/09\/POZ_Image_20-1200x800.jpg 1200w\" sizes=\"(max-width: 800px) 100vw, 1200px\" \/><\/span><\/div><div class=\"fusion-clearfix\"><\/div><\/div><\/div><div class=\"fusion-layout-column fusion_builder_column fusion-builder-column-3 fusion_builder_column_1_1 1_1 fusion-one-full fusion-column-first fusion-column-last\" style=\"--awb-padding-top:12%;--awb-padding-right:12%;--awb-padding-bottom:12%;--awb-padding-left:12%;--awb-bg-size:cover;\"><div class=\"fusion-column-wrapper fusion-flex-column-wrapper-legacy\"><div class=\"fusion-sep-clear\"><\/div><div class=\"fusion-separator fusion-full-width-sep\" style=\"margin-left: auto;margin-right: auto;margin-top:12%;width:100%;\"><\/div><div class=\"fusion-sep-clear\"><\/div><div class=\"fusion-text fusion-text-3\"><p style=\"text-align: left;\"><span style=\"font-size: 24px; color: #000000;\">Power of Zero es una campa\u00f1a de acci\u00f3n colaborativa liderada por No Bully que re\u00fane a organizaciones globales, marcas l\u00edderes, sociedad civil, padres y educadores comprometidos a criar a la pr\u00f3xima generaci\u00f3n como ciudadanos digitales.<\/span><\/p>\n<\/div><div class=\"fusion-sep-clear\"><\/div><div class=\"fusion-separator fusion-full-width-sep\" style=\"margin-left: auto;margin-right: auto;margin-top:20px;width:100%;\"><\/div><div class=\"fusion-sep-clear\"><\/div><div class=\"fusion-text fusion-text-4\"><p>En la actualidad, los ni\u00f1os tienen acceso a tabletas y tel\u00e9fonos inteligentes desde los primeros a\u00f1os de vida, pero a menudo no saben c\u00f3mo utilizarlos con \u00e9xito o de manera segura.<\/p>\n<p>Power of Zero ofrece a los educadores de la primera infancia y a las familias <a href=\"https:\/\/powerof0.org\/es\/padres-y-maestros\/\">materiales de aprendizaje<\/a> que los ni\u00f1os peque\u00f1os necesitan para desarrollar resiliencia, compasi\u00f3n e tolerancia en un mundo digital.<\/p>\n<\/div><div class=\"fusion-sep-clear\"><\/div><div class=\"fusion-separator fusion-full-width-sep\" style=\"margin-left: auto;margin-right: auto;margin-top:12%;width:100%;\"><\/div><div class=\"fusion-sep-clear\"><\/div><div class=\"fusion-clearfix\"><\/div><\/div><\/div><\/div><\/div><div class=\"fusion-fullwidth fullwidth-box fusion-builder-row-3 nonhundred-percent-fullwidth non-hundred-percent-height-scrolling\" style=\"--awb-border-radius-top-left:0px;--awb-border-radius-top-right:0px;--awb-border-radius-bottom-right:0px;--awb-border-radius-bottom-left:0px;--awb-background-color:rgba(255,255,255,0);--awb-flex-wrap:wrap;\" ><div class=\"fusion-builder-row fusion-row\"><div class=\"fusion-layout-column fusion_builder_column fusion-builder-column-4 fusion_builder_column_1_1 1_1 fusion-one-full fusion-column-first fusion-column-last\" style=\"--awb-padding-top:7%;--awb-padding-bottom:7%;--awb-bg-size:cover;\"><div class=\"fusion-column-wrapper fusion-flex-column-wrapper-legacy\"><div class=\"fusion-text fusion-text-5\"><h1 style=\"text-align: center;\">Ayudemos a los ni\u00f1os a estar seguros y tener \u00e9xito en el mundo digital.<\/h1>\n<\/div><div class=\"fusion-clearfix\"><\/div><\/div><\/div><\/div><\/div><div class=\"fusion-fullwidth fullwidth-box fusion-builder-row-4 hundred-percent-fullwidth non-hundred-percent-height-scrolling fusion-equal-height-columns\" style=\"--awb-border-radius-top-left:0px;--awb-border-radius-top-right:0px;--awb-border-radius-bottom-right:0px;--awb-border-radius-bottom-left:0px;--awb-padding-top:0px;--awb-padding-right:0px;--awb-padding-bottom:0px;--awb-padding-left:0px;--awb-margin-top:0px;--awb-margin-bottom:0px;--awb-flex-wrap:wrap;\" ><div class=\"fusion-builder-row fusion-row\"><div class=\"fusion-layout-column fusion_builder_column fusion-builder-column-5 fusion_builder_column_1_4 1_4 fusion-one-fourth fusion-column-first fusion-column-inner-bg-wrapper\" style=\"--awb-padding-top:28%;--awb-padding-bottom:28%;--awb-inner-bg-color:rgba(0,0,0,0.4);--awb-inner-bg-color-hover:rgba(0,0,0,0.4);--awb-inner-bg-image:url(&#039;https:\/\/powerof0.org\/wp-content\/uploads\/2018\/10\/POZ-Blocks_04.jpg&#039;);--awb-inner-bg-position:center center;--awb-inner-bg-blend:overlay;--awb-inner-bg-size:cover;--awb-margin-bottom:0px;width:25%;width:calc(25% - ( ( 0px + 0px + 0px ) * 0.25 ) );margin-right: 0px;\"><span class=\"fusion-column-inner-bg hover-type-zoomout\"><a class=\"fusion-column-anchor\" href=\"https:\/\/powerof0.org\/es\/socios\/\"><span class=\"fusion-column-inner-bg-image\"><\/span><\/a><\/span><div class=\"fusion-column-wrapper fusion-flex-column-wrapper-legacy fusion-column-has-bg-image\" data-bg-url=\"https:\/\/powerof0.org\/wp-content\/uploads\/2018\/10\/POZ-Blocks_04.jpg\"><div class=\"fusion-text fusion-text-6 avada-white\"><h1 style=\"text-align: center;\">SOCIOS<\/h1>\n<\/div><div class=\"fusion-clearfix\"><\/div><\/div><\/div><div class=\"fusion-layout-column fusion_builder_column fusion-builder-column-6 fusion_builder_column_1_4 1_4 fusion-one-fourth fusion-column-inner-bg-wrapper\" style=\"--awb-padding-top:28%;--awb-padding-bottom:28%;--awb-inner-bg-color:rgba(0,0,0,0.4);--awb-inner-bg-color-hover:rgba(0,0,0,0.4);--awb-inner-bg-image:url(&#039;https:\/\/powerof0.org\/wp-content\/uploads\/2018\/10\/POZ-Blocks_11.jpg&#039;);--awb-inner-bg-position:center center;--awb-inner-bg-blend:overlay;--awb-inner-bg-size:cover;--awb-margin-bottom:0px;width:25%;width:calc(25% - ( ( 0px + 0px + 0px ) * 0.25 ) );margin-right: 0px;\"><span class=\"fusion-column-inner-bg hover-type-zoomout\"><a class=\"fusion-column-anchor\" href=\"https:\/\/powerof0.org\/es\/blog\/\"><span class=\"fusion-column-inner-bg-image\"><\/span><\/a><\/span><div class=\"fusion-column-wrapper fusion-flex-column-wrapper-legacy fusion-column-has-bg-image\" data-bg-url=\"https:\/\/powerof0.org\/wp-content\/uploads\/2018\/10\/POZ-Blocks_11.jpg\"><div class=\"fusion-text fusion-text-7 avada-white\"><h1 style=\"text-align: center;\"><span class=\"menu-text\">BLOG<\/span><\/h1>\n<\/div><div class=\"fusion-clearfix\"><\/div><\/div><\/div><div class=\"fusion-layout-column fusion_builder_column fusion-builder-column-7 fusion_builder_column_1_4 1_4 fusion-one-fourth fusion-column-inner-bg-wrapper\" style=\"--awb-padding-top:28%;--awb-padding-bottom:28%;--awb-inner-bg-color:rgba(0,0,0,0.4);--awb-inner-bg-color-hover:rgba(0,0,0,0.4);--awb-inner-bg-image:url(&#039;https:\/\/powerof0.org\/wp-content\/uploads\/2018\/10\/POZ-Blocks_10.jpg&#039;);--awb-inner-bg-position:center center;--awb-inner-bg-blend:overlay;--awb-inner-bg-size:cover;--awb-margin-bottom:0px;width:25%;width:calc(25% - ( ( 0px + 0px + 0px ) * 0.25 ) );margin-right: 0px;\"><span class=\"fusion-column-inner-bg hover-type-zoomout\"><a class=\"fusion-column-anchor\" href=\"https:\/\/powerof0.org\/es\/padres-y-maestros\/\"><span class=\"fusion-column-inner-bg-image\"><\/span><\/a><\/span><div class=\"fusion-column-wrapper fusion-flex-column-wrapper-legacy fusion-column-has-bg-image\" data-bg-url=\"https:\/\/powerof0.org\/wp-content\/uploads\/2018\/10\/POZ-Blocks_10.jpg\"><div class=\"fusion-text fusion-text-8 avada-white\"><h1 style=\"text-align: center;\"><span class=\"menu-text\">PADRES Y MAESTROS<\/span><\/h1>\n<\/div><div class=\"fusion-clearfix\"><\/div><\/div><\/div><div class=\"fusion-layout-column fusion_builder_column fusion-builder-column-8 fusion_builder_column_1_4 1_4 fusion-one-fourth fusion-column-last fusion-column-inner-bg-wrapper\" style=\"--awb-padding-top:28%;--awb-padding-bottom:28%;--awb-inner-bg-color:rgba(0,0,0,0.4);--awb-inner-bg-color-hover:rgba(0,0,0,0.4);--awb-inner-bg-image:url(&#039;https:\/\/powerof0.org\/wp-content\/uploads\/2018\/10\/POZ-Blocks_07.jpg&#039;);--awb-inner-bg-position:center center;--awb-inner-bg-blend:overlay;--awb-inner-bg-size:cover;--awb-margin-bottom:0px;width:25%;width:calc(25% - ( ( 0px + 0px + 0px ) * 0.25 ) );\"><span class=\"fusion-column-inner-bg hover-type-zoomout\"><a class=\"fusion-column-anchor\" href=\"https:\/\/powerof0.org\/es\/investigacion\/\"><span class=\"fusion-column-inner-bg-image\"><\/span><\/a><\/span><div class=\"fusion-column-wrapper fusion-flex-column-wrapper-legacy fusion-column-has-bg-image\" data-bg-url=\"https:\/\/powerof0.org\/wp-content\/uploads\/2018\/10\/POZ-Blocks_07.jpg\"><div class=\"fusion-text fusion-text-9 avada-white\"><h1 style=\"text-align: center;\">INVESTIGACI\u00d3N<\/h1>\n<\/div><div class=\"fusion-clearfix\"><\/div><\/div><\/div><\/div><\/div><div class=\"fusion-fullwidth fullwidth-box fusion-builder-row-5 hundred-percent-fullwidth non-hundred-percent-height-scrolling fusion-equal-height-columns\" style=\"--awb-border-radius-top-left:0px;--awb-border-radius-top-right:0px;--awb-border-radius-bottom-right:0px;--awb-border-radius-bottom-left:0px;--awb-padding-top:0px;--awb-padding-right:0px;--awb-padding-bottom:0px;--awb-padding-left:0px;--awb-margin-top:0px;--awb-margin-bottom:0px;--awb-flex-wrap:wrap;\" ><div class=\"fusion-builder-row fusion-row\"><div class=\"fusion-layout-column fusion_builder_column fusion-builder-column-9 fusion_builder_column_1_4 1_4 fusion-one-fourth fusion-column-first fusion-column-inner-bg-wrapper\" style=\"--awb-padding-top:28%;--awb-padding-bottom:28%;--awb-inner-bg-color:rgba(0,0,0,0.4);--awb-inner-bg-color-hover:rgba(0,0,0,0.4);--awb-inner-bg-image:url(&#039;https:\/\/powerof0.org\/wp-content\/uploads\/2018\/10\/POZ-Blocks_09.jpg&#039;);--awb-inner-bg-position:center center;--awb-inner-bg-blend:overlay;--awb-inner-bg-size:cover;--awb-margin-bottom:0px;width:25%;width:calc(25% - ( ( 0px + 0px ) * 0.25 ) );margin-right: 0px;\"><span class=\"fusion-column-inner-bg hover-type-zoomout\"><a class=\"fusion-column-anchor\" href=\"https:\/\/powerof0.org\/es\/quienes-somos\/\"><span class=\"fusion-column-inner-bg-image\"><\/span><\/a><\/span><div class=\"fusion-column-wrapper fusion-flex-column-wrapper-legacy fusion-column-has-bg-image\" data-bg-url=\"https:\/\/powerof0.org\/wp-content\/uploads\/2018\/10\/POZ-Blocks_09.jpg\"><div class=\"fusion-text fusion-text-10 avada-white\"><h1 style=\"text-align: center;\">QUI\u00c9NES SOMOS<\/h1>\n<\/div><div class=\"fusion-clearfix\"><\/div><\/div><\/div><div class=\"fusion-layout-column fusion_builder_column fusion-builder-column-10 fusion_builder_column_1_4 1_4 fusion-one-fourth fusion-column-inner-bg-wrapper\" style=\"--awb-padding-top:28%;--awb-padding-bottom:28%;--awb-inner-bg-color:rgba(0,0,0,0.4);--awb-inner-bg-color-hover:rgba(0,0,0,0.4);--awb-inner-bg-image:url(&#039;https:\/\/powerof0.org\/wp-content\/uploads\/2018\/10\/POZ-Blocks_08.jpg&#039;);--awb-inner-bg-position:center center;--awb-inner-bg-blend:overlay;--awb-inner-bg-size:cover;--awb-margin-bottom:0px;width:25%;width:calc(25% - ( ( 0px + 0px ) * 0.25 ) );margin-right: 0px;\"><span class=\"fusion-column-inner-bg hover-type-zoomout\"><a class=\"fusion-column-anchor\" href=\"https:\/\/powerof0.org\/es\/contactenos\/\"><span class=\"fusion-column-inner-bg-image\"><\/span><\/a><\/span><div class=\"fusion-column-wrapper fusion-flex-column-wrapper-legacy fusion-column-has-bg-image\" data-bg-url=\"https:\/\/powerof0.org\/wp-content\/uploads\/2018\/10\/POZ-Blocks_08.jpg\"><div class=\"fusion-text fusion-text-11 avada-white\"><h1 style=\"text-align: center;\"><span class=\"menu-text\">CONT\u00c1CTENOS<\/span><\/h1>\n<\/div><div class=\"fusion-clearfix\"><\/div><\/div><\/div><div class=\"fusion-layout-column fusion_builder_column fusion-builder-column-11 fusion_builder_column_1_2 1_2 fusion-one-half fusion-column-last fusion-column-inner-bg-wrapper\" style=\"--awb-padding-top:100px;--awb-padding-bottom:100px;--awb-inner-bg-color:rgba(0,0,0,0.4);--awb-inner-bg-color-hover:rgba(0,0,0,0.4);--awb-inner-bg-image:url(&#039;https:\/\/powerof0.org\/wp-content\/uploads\/2018\/10\/POZ_Image_14-1024x682.jpg&#039;);--awb-inner-bg-position:center center;--awb-inner-bg-blend:overlay;--awb-inner-bg-size:cover;--awb-margin-bottom:0px;width:50%;width:calc(50% - ( ( 0px + 0px ) * 0.5 ) );\"><span class=\"fusion-column-inner-bg hover-type-zoomout\"><a class=\"fusion-column-anchor\" href=\"https:\/\/powerof0.org\/es\/comprometase\/\"><span class=\"fusion-column-inner-bg-image\"><\/span><\/a><\/span><div class=\"fusion-column-wrapper fusion-flex-column-wrapper-legacy fusion-column-has-bg-image\" data-bg-url=\"https:\/\/powerof0.org\/wp-content\/uploads\/2018\/10\/POZ_Image_14-1024x682.jpg\"><div class=\"fusion-column-content-centered\"><div class=\"fusion-column-content\"><div class=\"fusion-text fusion-text-12 avada-white\"><h1 style=\"text-align: center;\"><span class=\"menu-text\">COMPROM\u00c9TASE<\/span><\/h1>\n<\/div><\/div><\/div><div class=\"fusion-clearfix\"><\/div><\/div><\/div><\/div><\/div><\/p>\n","protected":false},"excerpt":{"rendered":"","protected":false},"author":1,"featured_media":0,"parent":0,"menu_order":0,"comment_status":"closed","ping_status":"closed","template":"100-width.php","meta":{"inline_featured_image":false,"footnotes":""},"class_list":["post-391","page","type-page","status-publish","hentry"],"acf":[],"_links":{"self":[{"href":"https:\/\/powerof0.org\/es\/wp-json\/wp\/v2\/pages\/391","targetHints":{"allow":["GET"]}}],"collection":[{"href":"https:\/\/powerof0.org\/es\/wp-json\/wp\/v2\/pages"}],"about":[{"href":"https:\/\/powerof0.org\/es\/wp-json\/wp\/v2\/types\/page"}],"author":[{"embeddable":true,"href":"https:\/\/powerof0.org\/es\/wp-json\/wp\/v2\/users\/1"}],"replies":[{"embeddable":true,"href":"https:\/\/powerof0.org\/es\/wp-json\/wp\/v2\/comments?post=391"}],"version-history":[{"count":8,"href":"https:\/\/powerof0.org\/es\/wp-json\/wp\/v2\/pages\/391\/revisions"}],"predecessor-version":[{"id":527,"href":"https:\/\/powerof0.org\/es\/wp-json\/wp\/v2\/pages\/391\/revisions\/527"}],"wp:attachment":[{"href":"https:\/\/powerof0.org\/es\/wp-json\/wp\/v2\/media?parent=391"}],"curies":[{"name":"wp","href":"https:\/\/api.w.org\/{rel}","templated":true}]}}